{"id":18636,"date":"2018-01-16T21:02:30","date_gmt":"2018-01-16T19:02:30","guid":{"rendered":"https:\/\/foreststeel.ee\/tooted\/saasuoja\/"},"modified":"2025-02-28T00:00:41","modified_gmt":"2025-02-27T22:00:41","slug":"saasuoja","status":"publish","type":"product","link":"https:\/\/foreststeel.ee\/fi\/tuotteet\/saasuoja\/","title":{"rendered":"S\u00e4\u00e4suoja"},"content":{"rendered":"<div class=\"dePhmb\">\n<div class=\"eyKpYb\" data-language=\"fi\" data-original-language=\"et\" data-result-index=\"0\">\n<p class=\"J0lOec\"><span style=\"font-size: 12pt;\"><strong>Ominaisuudet:<\/strong><\/span><\/p>\n<p><span style=\"font-size: 12pt;\">\u2705\u00a0Vaihtoehtoinen ratkaisu nosturin hytille<\/span><\/p>\n<p><span style=\"font-size: 12pt;\">\u2705\u00a0Taattu suoja s\u00e4it\u00e4 vastaan<\/span><\/p>\n<\/div>\n<p><span style=\"font-size: 12pt;\">\u2705\u00a0Kevyt s\u00e4\u00e4st\u00e4\u00e4 kuormatilaa<\/span><\/p>\n<p><span style=\"font-size: 12pt;\">\u2705\u00a0Asennus kest\u00e4\u00e4 max 30 min<\/span><\/p>\n<p><span style=\"font-size: 12pt;\">\u2705\u00a0Mukana asennustarvikkeet<\/span><\/p>\n<p><span style=\"font-size: 12pt;\">\u2705\u00a0Laadukas PVC-materiaali<\/span><\/p>\n<p><span style=\"font-size: 12pt;\"><strong><a href=\"https:\/\/foreststeel.ee\/wp-content\/uploads\/2018\/01\/LIMITED-WARRANTY-FOREST-STEEL-CRANE-HOOD.pdf\">Takuu<\/a><\/strong><\/span><\/p>\n<\/div>\n","protected":false},"excerpt":{"rendered":"<p>Forest Steel -s\u00e4\u00e4suojat on suunniteltu suojaamaan <strong>nosturin<\/strong> <strong>k\u00e4ytt\u00e4j\u00e4\u00e4 s\u00e4\u00e4olosuhteilta<\/strong> &#8211; niin<strong> auringossa<\/strong>, <strong>tuulessa<\/strong> kuin <strong>sateessakin.<\/strong><\/p>\n<p>Tuotteet valmistetaan eurooppalaisena k\u00e4sity\u00f6n\u00e4, ja ne ovat <strong>yhteensopivia kaikkien nosturimallien kanssa.<\/strong><\/p>\n<p>S\u00e4\u00e4suoja on <strong>kest\u00e4v\u00e4<\/strong> mutta <strong>kevyt<\/strong> &#8211; vain 25 kg. Lis\u00e4ksi sen asentaminen on helppoa.<\/p>\n","protected":false},"featured_media":28682,"template":"","meta":[],"product_brand":[],"product_cat":[133],"product_tag":[],"class_list":{"0":"post-18636","1":"product","2":"type-product","3":"status-publish","4":"has-post-thumbnail","6":"product_cat-nosturin-saasuojat","7":"product_shipping_class-crane-hood-class-fi","9":"first","10":"instock","11":"sale","12":"taxable","13":"shipping-taxable","14":"purchasable","15":"product-type-simple"},"_links":{"self":[{"href":"https:\/\/foreststeel.ee\/fi\/wp-json\/wp\/v2\/product\/18636","targetHints":{"allow":["GET"]}}],"collection":[{"href":"https:\/\/foreststeel.ee\/fi\/wp-json\/wp\/v2\/product"}],"about":[{"href":"https:\/\/foreststeel.ee\/fi\/wp-json\/wp\/v2\/types\/product"}],"wp:featuredmedia":[{"embeddable":true,"href":"https:\/\/foreststeel.ee\/fi\/wp-json\/wp\/v2\/media\/28682"}],"wp:attachment":[{"href":"https:\/\/foreststeel.ee\/fi\/wp-json\/wp\/v2\/media?parent=18636"}],"wp:term":[{"taxonomy":"product_brand","embeddable":true,"href":"https:\/\/foreststeel.ee\/fi\/wp-json\/wp\/v2\/product_brand?post=18636"},{"taxonomy":"product_cat","embeddable":true,"href":"https:\/\/foreststeel.ee\/fi\/wp-json\/wp\/v2\/product_cat?post=18636"},{"taxonomy":"product_tag","embeddable":true,"href":"https:\/\/foreststeel.ee\/fi\/wp-json\/wp\/v2\/product_tag?post=18636"}],"curies":[{"name":"wp","href":"https:\/\/api.w.org\/{rel}","templated":true}]}}