{"id":18942,"date":"2019-11-26T17:31:15","date_gmt":"2019-11-26T15:31:15","guid":{"rendered":"https:\/\/foreststeel.ee\/?post_type=product&#038;p=18942"},"modified":"2024-06-07T13:47:30","modified_gmt":"2024-06-07T11:47:30","slug":"forest-steel-xxl-puutavarapankot","status":"publish","type":"product","link":"https:\/\/foreststeel.ee\/fi\/tuotteet\/forest-steel-xxl-puutavarapankot\/","title":{"rendered":"Forest Steel XXL puutavarapankot"},"content":{"rendered":"<p><span style=\"font-size: 12pt;\"><strong>Mitat:<\/strong><\/span><\/p>\n<ul>\n<li><span style=\"font-size: 12pt;\">Pankkojen peruskorkeudet: 3100mm, 3115mm, 3200mm jne<\/span><\/li>\n<li><span style=\"font-size: 12pt;\">Pankkojen perusleveys: 2550mm<\/span><\/li>\n<li><span style=\"font-size: 12pt;\">Pankka rungon korkeus: 140mm<\/span><\/li>\n<li><span style=\"font-size: 12pt;\">Pankan siseleveys: 2390mm<\/span><\/li>\n<li><span style=\"font-size: 12pt;\">3\u20134 viikon toimitusajalla on mahdollista saada my\u00f6s mittatilauspankkoja<\/span><\/li>\n<\/ul>\n<p><span style=\"font-size: 12pt;\"><strong>Ominaisuudet:<\/strong><\/span><\/p>\n<ul>\n<li><span style=\"font-size: 12pt;\">Tyyppi: FS 95 XXL<\/span><\/li>\n<li><span style=\"font-size: 12pt;\">Pankon maksimikuormitus: 9500kg<\/span><\/li>\n<li><span style=\"font-size: 12pt;\">Mahdollisuus valita vapaasti RAL-v\u00e4reist\u00e4 (esimerkiksi punainen: RAL 3020)<\/span><\/li>\n<li><span style=\"font-size: 12pt;\">T\u00e4ytt\u00e4v\u00e4t s\u00e4\u00e4detyt suoritus- ja turvallisuusvaatimukset (CE-merkitty)<\/span><\/li>\n<\/ul>\n<p><strong>Toimitusaika:<\/strong> Vapaasti varastosta tai mittatilauksesta 3-4 viikkoa.<\/p>\n<p><span style=\"font-size: 12pt;\">Ota yhteytt\u00e4<strong><span style=\"color: #0000ff;\"> <a href=\"\/?page_id=18668\">t\u00e4st\u00e4.<\/a><\/span><\/strong><\/span><\/p>\n<p><span style=\"font-size: 12pt;\">Halutessanne voitte tutustua pankkoihimme ennen tilausta varastollamme. Sovithan tutustumisajasta etuk\u00e4teen.<\/span><\/p>\n","protected":false},"excerpt":{"rendered":"<p><strong>Kiist\u00e4m\u00e4tt\u00f6m\u00e4sti vahvimmat puutavarapankot, joilla on suurin kuormatila!<\/strong><\/p>\n<p>Forest Steel XXL -puutavarapankot ovat saaneet k\u00e4ytt\u00e4jilt\u00e4\u00e4n l\u00e4mpim\u00e4n vastaanoton.<\/p>\n<p>Kest\u00e4vyytt\u00e4 on pidetty niiden t\u00e4rkeimp\u00e4n\u00e4 ominaisuutena. Pankot on valmistettu ultralujasta SSAB-ter\u00e4ksest\u00e4, joka on kehitetty nimenomaan kuljetuskaluston tarpeisiin.<\/p>\n<p>Pankot ovat turvalliset t\u00e4ytt\u00e4v\u00e4t s\u00e4\u00e4detyt vaatimusket.<\/p>\n","protected":false},"featured_media":19006,"template":"","meta":[],"product_brand":[],"product_cat":[142],"product_tag":[],"class_list":{"0":"post-18942","1":"product","2":"type-product","3":"status-publish","4":"has-post-thumbnail","6":"product_cat-puutavarapankot","8":"first","9":"instock","10":"taxable","11":"shipping-taxable","12":"product-type-simple"},"_links":{"self":[{"href":"https:\/\/foreststeel.ee\/fi\/wp-json\/wp\/v2\/product\/18942","targetHints":{"allow":["GET"]}}],"collection":[{"href":"https:\/\/foreststeel.ee\/fi\/wp-json\/wp\/v2\/product"}],"about":[{"href":"https:\/\/foreststeel.ee\/fi\/wp-json\/wp\/v2\/types\/product"}],"wp:featuredmedia":[{"embeddable":true,"href":"https:\/\/foreststeel.ee\/fi\/wp-json\/wp\/v2\/media\/19006"}],"wp:attachment":[{"href":"https:\/\/foreststeel.ee\/fi\/wp-json\/wp\/v2\/media?parent=18942"}],"wp:term":[{"taxonomy":"product_brand","embeddable":true,"href":"https:\/\/foreststeel.ee\/fi\/wp-json\/wp\/v2\/product_brand?post=18942"},{"taxonomy":"product_cat","embeddable":true,"href":"https:\/\/foreststeel.ee\/fi\/wp-json\/wp\/v2\/product_cat?post=18942"},{"taxonomy":"product_tag","embeddable":true,"href":"https:\/\/foreststeel.ee\/fi\/wp-json\/wp\/v2\/product_tag?post=18942"}],"curies":[{"name":"wp","href":"https:\/\/api.w.org\/{rel}","templated":true}]}}