{"id":21559,"date":"2020-08-19T16:21:10","date_gmt":"2020-08-19T14:21:10","guid":{"rendered":"https:\/\/foreststeel.ee\/tooted\/energyboxx\/"},"modified":"2026-04-22T12:23:05","modified_gmt":"2026-04-22T10:23:05","slug":"energyboxx","status":"publish","type":"product","link":"https:\/\/foreststeel.ee\/fi\/tuotteet\/energyboxx\/","title":{"rendered":"EHM EnergyBoxx\u2122"},"content":{"rendered":"<p><span style=\"font-weight: 400;\">Turvallisesti ja mahdollisimat taloudellisesti, siksi valmistamme EHM EnergyBoxxin, joka kuljettaa materiaalisi turvallisesti m\u00e4\u00e4r\u00e4np\u00e4\u00e4h\u00e4ns\u00e4.<\/span><\/p>\n<p><span style=\"font-weight: 400;\">EnergyBoxx on menestynyt kaikkialla Pohjoismaissa ja tarjoamme sit\u00e4 ensimm\u00e4ist\u00e4 kertaa Viron markkinoilla.<\/span><\/p>\n<p><span style=\"font-weight: 400;\">Ota yhteytt\u00e4 ja me valmistamme sinulle sopivan energiapuun kuljetuslaitteen. Se on Forest Steelin tavaramerkki, jota valmistamme tilauksesta.<\/span><\/p>\n<p><span class=\"ng-star-inserted\">Katso tyytyv\u00e4isen asiakkaan haastattelua: <a href=\"https:\/\/www.youtube.com\/watch?v=mLIA_VuxCUc\">https:\/\/www.youtube.com\/watch?v=mLIA_VuxCUc<\/a><\/span><\/p>\n","protected":false},"excerpt":{"rendered":"<p><strong>Energiapuun kuljetuslaite mets\u00e4autoille.<\/strong><\/p>\n<p><span style=\"font-weight: 400;\">Hakattua puuta tai bioenergian kuljetusv\u00e4lineit\u00e4 k\u00e4ytet\u00e4\u00e4n p\u00e4\u00e4asiassa energiapuun kuljettamiseen. Energiapuulla tarkoitetaan metsist\u00e4 korjattua puuta, joka muutetaan my\u00f6hemmin l\u00e4mm\u00f6ksi tai s\u00e4hk\u00f6ksi.<\/span><\/p>\n<p><span style=\"font-weight: 400;\">T\u00e4llainen tuotanto on eritt\u00e4in ymp\u00e4rist\u00f6yst\u00e4v\u00e4llist\u00e4 toimintaa, koska raaka-aine on pensaat, hakkuut\u00e4hteet, puun rakennusj\u00e4tteet, kannot jne.<\/span><\/p>\n<p><span style=\"font-weight: 400;\">Pensaiden leikkaus, tienvarsien puhdistus, hakkuuj\u00e4tteen keruu ja mets\u00e4nhoito muuttavat luonnon ulkoasua. T\u00e4m\u00e4 tekee mets\u00e4nhoidosta helpompaa ja halvempaa.\u00a0<\/span><\/p>\n","protected":false},"featured_media":35597,"template":"","meta":[],"product_brand":[],"product_cat":[344],"product_tag":[],"class_list":{"0":"post-21559","1":"product","2":"type-product","3":"status-publish","4":"has-post-thumbnail","6":"product_cat-energyboxx-fi","8":"first","9":"instock","10":"taxable","11":"shipping-taxable","12":"product-type-simple"},"_links":{"self":[{"href":"https:\/\/foreststeel.ee\/fi\/wp-json\/wp\/v2\/product\/21559","targetHints":{"allow":["GET"]}}],"collection":[{"href":"https:\/\/foreststeel.ee\/fi\/wp-json\/wp\/v2\/product"}],"about":[{"href":"https:\/\/foreststeel.ee\/fi\/wp-json\/wp\/v2\/types\/product"}],"wp:featuredmedia":[{"embeddable":true,"href":"https:\/\/foreststeel.ee\/fi\/wp-json\/wp\/v2\/media\/35597"}],"wp:attachment":[{"href":"https:\/\/foreststeel.ee\/fi\/wp-json\/wp\/v2\/media?parent=21559"}],"wp:term":[{"taxonomy":"product_brand","embeddable":true,"href":"https:\/\/foreststeel.ee\/fi\/wp-json\/wp\/v2\/product_brand?post=21559"},{"taxonomy":"product_cat","embeddable":true,"href":"https:\/\/foreststeel.ee\/fi\/wp-json\/wp\/v2\/product_cat?post=21559"},{"taxonomy":"product_tag","embeddable":true,"href":"https:\/\/foreststeel.ee\/fi\/wp-json\/wp\/v2\/product_tag?post=21559"}],"curies":[{"name":"wp","href":"https:\/\/api.w.org\/{rel}","templated":true}]}}