{"id":21646,"date":"2020-09-04T14:31:14","date_gmt":"2020-09-04T12:31:14","guid":{"rendered":"https:\/\/foreststeel.ee\/tooted\/letkukiinnike\/"},"modified":"2026-04-26T21:38:07","modified_gmt":"2026-04-26T19:38:07","slug":"letkukiinnike","status":"publish","type":"product","link":"https:\/\/foreststeel.ee\/fi\/tuotteet\/letkukiinnike\/","title":{"rendered":"Letkukiinnike"},"content":{"rendered":"","protected":false},"excerpt":{"rendered":"<p>Hydraulinen letkukiinnike tarjoaa tukevan otteen kaikkiin asennustarpeisiin: putket, letkut, kaapelit. Kumisuojus v\u00e4hent\u00e4\u00e4 letkun vaurioita ja varmistaa tarkan ja turvallisen otteen. Helppo ja nopea asentaa.<\/p>\n","protected":false},"featured_media":21852,"template":"","meta":[],"product_brand":[],"product_cat":[162],"product_tag":[],"class_list":{"0":"post-21646","1":"product","2":"type-product","3":"status-publish","4":"has-post-thumbnail","6":"product_cat-kategooriata","7":"product_shipping_class-aceflex-table-rates-fi","9":"first","10":"instock","11":"taxable","12":"shipping-taxable","13":"purchasable","14":"product-type-simple"},"_links":{"self":[{"href":"https:\/\/foreststeel.ee\/fi\/wp-json\/wp\/v2\/product\/21646","targetHints":{"allow":["GET"]}}],"collection":[{"href":"https:\/\/foreststeel.ee\/fi\/wp-json\/wp\/v2\/product"}],"about":[{"href":"https:\/\/foreststeel.ee\/fi\/wp-json\/wp\/v2\/types\/product"}],"wp:featuredmedia":[{"embeddable":true,"href":"https:\/\/foreststeel.ee\/fi\/wp-json\/wp\/v2\/media\/21852"}],"wp:attachment":[{"href":"https:\/\/foreststeel.ee\/fi\/wp-json\/wp\/v2\/media?parent=21646"}],"wp:term":[{"taxonomy":"product_brand","embeddable":true,"href":"https:\/\/foreststeel.ee\/fi\/wp-json\/wp\/v2\/product_brand?post=21646"},{"taxonomy":"product_cat","embeddable":true,"href":"https:\/\/foreststeel.ee\/fi\/wp-json\/wp\/v2\/product_cat?post=21646"},{"taxonomy":"product_tag","embeddable":true,"href":"https:\/\/foreststeel.ee\/fi\/wp-json\/wp\/v2\/product_tag?post=21646"}],"curies":[{"name":"wp","href":"https:\/\/api.w.org\/{rel}","templated":true}]}}