{"id":21755,"date":"2020-09-23T14:06:32","date_gmt":"2020-09-23T12:06:32","guid":{"rendered":"https:\/\/foreststeel.ee\/tooted\/exte-kaytetyt-puutavarapankot-a5\/"},"modified":"2021-04-22T15:46:42","modified_gmt":"2021-04-22T13:46:42","slug":"exte-kaytetyt-puutavarapankot","status":"publish","type":"product","link":"https:\/\/foreststeel.ee\/fi\/tuotteet\/exte-kaytetyt-puutavarapankot\/","title":{"rendered":"ExTe k\u00e4ytetyt puutavarapankot (alumiini)"},"content":{"rendered":"","protected":false},"excerpt":{"rendered":"<p>Kevyet ja kest\u00e4v\u00e4t alumiinista valmistetut puutavarapankot, 2950x2550mm.<\/p>\n","protected":false},"featured_media":21752,"template":"","meta":[],"product_brand":[],"product_cat":[341,142],"product_tag":[],"class_list":{"0":"post-21755","1":"product","2":"type-product","3":"status-publish","4":"has-post-thumbnail","6":"product_cat-kaytetyt-metsakoneet","7":"product_cat-puutavarapankot","9":"first","10":"outofstock","11":"taxable","12":"shipping-taxable","13":"product-type-simple"},"_links":{"self":[{"href":"https:\/\/foreststeel.ee\/fi\/wp-json\/wp\/v2\/product\/21755","targetHints":{"allow":["GET"]}}],"collection":[{"href":"https:\/\/foreststeel.ee\/fi\/wp-json\/wp\/v2\/product"}],"about":[{"href":"https:\/\/foreststeel.ee\/fi\/wp-json\/wp\/v2\/types\/product"}],"wp:featuredmedia":[{"embeddable":true,"href":"https:\/\/foreststeel.ee\/fi\/wp-json\/wp\/v2\/media\/21752"}],"wp:attachment":[{"href":"https:\/\/foreststeel.ee\/fi\/wp-json\/wp\/v2\/media?parent=21755"}],"wp:term":[{"taxonomy":"product_brand","embeddable":true,"href":"https:\/\/foreststeel.ee\/fi\/wp-json\/wp\/v2\/product_brand?post=21755"},{"taxonomy":"product_cat","embeddable":true,"href":"https:\/\/foreststeel.ee\/fi\/wp-json\/wp\/v2\/product_cat?post=21755"},{"taxonomy":"product_tag","embeddable":true,"href":"https:\/\/foreststeel.ee\/fi\/wp-json\/wp\/v2\/product_tag?post=21755"}],"curies":[{"name":"wp","href":"https:\/\/api.w.org\/{rel}","templated":true}]}}