{"id":22509,"date":"2021-01-29T14:28:19","date_gmt":"2021-01-29T12:28:19","guid":{"rendered":"https:\/\/foreststeel.ee\/tooted\/loglift-96-03-sth\/"},"modified":"2021-01-29T14:28:19","modified_gmt":"2021-01-29T12:28:19","slug":"loglift-96-03-sth","status":"publish","type":"product","link":"https:\/\/foreststeel.ee\/fi\/tuotteet\/loglift-96-03-sth\/","title":{"rendered":"Loglift 96-03 STh"},"content":{"rendered":"","protected":false},"excerpt":{"rendered":"<p class=\"price\"><span class=\"woocommerce-Price-amount amount\"><span class=\"woocommerce-Price-currencySymbol\">\u20ac8<\/span>500.00<\/span><\/p>\n<p>Eritt\u00e4in hyv\u00e4ss\u00e4 kunnossa &#8211; k\u00e4ytetty vain muutaman kerran. Sijaitsee Somerossa, Suomessa. <\/p>\n","protected":false},"featured_media":22501,"template":"","meta":[],"product_brand":[],"product_cat":[341],"product_tag":[],"class_list":{"0":"post-22509","1":"product","2":"type-product","3":"status-publish","4":"has-post-thumbnail","6":"product_cat-kaytetyt-metsakoneet","8":"first","9":"outofstock","10":"taxable","11":"shipping-taxable","12":"product-type-simple"},"_links":{"self":[{"href":"https:\/\/foreststeel.ee\/fi\/wp-json\/wp\/v2\/product\/22509","targetHints":{"allow":["GET"]}}],"collection":[{"href":"https:\/\/foreststeel.ee\/fi\/wp-json\/wp\/v2\/product"}],"about":[{"href":"https:\/\/foreststeel.ee\/fi\/wp-json\/wp\/v2\/types\/product"}],"wp:featuredmedia":[{"embeddable":true,"href":"https:\/\/foreststeel.ee\/fi\/wp-json\/wp\/v2\/media\/22501"}],"wp:attachment":[{"href":"https:\/\/foreststeel.ee\/fi\/wp-json\/wp\/v2\/media?parent=22509"}],"wp:term":[{"taxonomy":"product_brand","embeddable":true,"href":"https:\/\/foreststeel.ee\/fi\/wp-json\/wp\/v2\/product_brand?post=22509"},{"taxonomy":"product_cat","embeddable":true,"href":"https:\/\/foreststeel.ee\/fi\/wp-json\/wp\/v2\/product_cat?post=22509"},{"taxonomy":"product_tag","embeddable":true,"href":"https:\/\/foreststeel.ee\/fi\/wp-json\/wp\/v2\/product_tag?post=22509"}],"curies":[{"name":"wp","href":"https:\/\/api.w.org\/{rel}","templated":true}]}}