{"id":22863,"date":"2021-03-10T17:18:55","date_gmt":"2021-03-10T15:18:55","guid":{"rendered":"https:\/\/foreststeel.ee\/tooted\/3\/"},"modified":"2026-04-25T21:36:49","modified_gmt":"2026-04-25T19:36:49","slug":"3-osainen-kiinnityssarja","status":"publish","type":"product","link":"https:\/\/foreststeel.ee\/fi\/tuotteet\/3-osainen-kiinnityssarja\/","title":{"rendered":"3-osainen kiinnityssarja"},"content":{"rendered":"","protected":false},"excerpt":{"rendered":"<p><span style=\"font-size: 12pt;\">3-osainen lis\u00e4varustesarja nopeaan, turvalliseen ja tehokkaaseen kuorman sitomiseen.<\/span><\/p>\n<p><span style=\"font-size: 12pt;\">Puun kuorman kiinnityssarja sis\u00e4lt\u00e4\u00e4:<\/span><\/p>\n<ul>\n<li><span style=\"font-size: 12pt;\"><a href=\"https:\/\/foreststeel.ee\/fi\/tuotteet\/ketjupuikkari\/\">Ketjupuikkari\u00a0<\/a>(vasen tai oikea kiinnitys)<\/span><\/li>\n<li><span style=\"font-size: 12pt;\"><a href=\"https:\/\/www.foreststeel.ee\/fi\/tuotteet\/exte-nostokoukku\/\">Nostokoukku<\/a><\/span><\/li>\n<li><span style=\"font-size: 12pt;\"><a href=\"https:\/\/foreststeel.ee\/fi\/tuotteet\/kuormansidonta-ketju\/\">Kuormansidonta ketju<\/a> (EN 12195-3 mukaan)<\/span><\/li>\n<\/ul>\n","protected":false},"featured_media":35503,"template":"","meta":[],"product_brand":[],"product_cat":[347],"product_tag":[],"class_list":{"0":"post-22863","1":"product","2":"type-product","3":"status-publish","4":"has-post-thumbnail","6":"product_cat-puutavarapankkojen-tarvikkeet","7":"product_shipping_class-aceflex-table-rates-fi","9":"first","10":"instock","11":"taxable","12":"shipping-taxable","13":"purchasable","14":"product-type-simple"},"_links":{"self":[{"href":"https:\/\/foreststeel.ee\/fi\/wp-json\/wp\/v2\/product\/22863","targetHints":{"allow":["GET"]}}],"collection":[{"href":"https:\/\/foreststeel.ee\/fi\/wp-json\/wp\/v2\/product"}],"about":[{"href":"https:\/\/foreststeel.ee\/fi\/wp-json\/wp\/v2\/types\/product"}],"wp:featuredmedia":[{"embeddable":true,"href":"https:\/\/foreststeel.ee\/fi\/wp-json\/wp\/v2\/media\/35503"}],"wp:attachment":[{"href":"https:\/\/foreststeel.ee\/fi\/wp-json\/wp\/v2\/media?parent=22863"}],"wp:term":[{"taxonomy":"product_brand","embeddable":true,"href":"https:\/\/foreststeel.ee\/fi\/wp-json\/wp\/v2\/product_brand?post=22863"},{"taxonomy":"product_cat","embeddable":true,"href":"https:\/\/foreststeel.ee\/fi\/wp-json\/wp\/v2\/product_cat?post=22863"},{"taxonomy":"product_tag","embeddable":true,"href":"https:\/\/foreststeel.ee\/fi\/wp-json\/wp\/v2\/product_tag?post=22863"}],"curies":[{"name":"wp","href":"https:\/\/api.w.org\/{rel}","templated":true}]}}