{"id":35994,"date":"2024-05-20T16:24:10","date_gmt":"2024-05-20T14:24:10","guid":{"rendered":"https:\/\/foreststeel.ee\/tooted\/ntcab-nosturin-hytti-kaytetty\/"},"modified":"2024-05-20T16:24:10","modified_gmt":"2024-05-20T14:24:10","slug":"ntcab-nosturin-hytti-kaytetty","status":"publish","type":"product","link":"https:\/\/foreststeel.ee\/fi\/tuotteet\/ntcab-nosturin-hytti-kaytetty\/","title":{"rendered":"NTcab nosturin hytti, k\u00e4ytetty"},"content":{"rendered":"","protected":false},"excerpt":{"rendered":"<p><span style=\"font-weight: 400;\">Myymme sek\u00e4 settin\u00e4 ett\u00e4 erillisin\u00e4 osina. Pyyd\u00e4 tarjous!<\/span><\/p>\n","protected":false},"featured_media":35864,"template":"","meta":[],"product_brand":[],"product_cat":[341],"product_tag":[],"class_list":{"0":"post-35994","1":"product","2":"type-product","3":"status-publish","4":"has-post-thumbnail","6":"product_cat-kaytetyt-metsakoneet","8":"first","9":"instock","10":"taxable","11":"shipping-taxable","12":"product-type-simple"},"_links":{"self":[{"href":"https:\/\/foreststeel.ee\/fi\/wp-json\/wp\/v2\/product\/35994","targetHints":{"allow":["GET"]}}],"collection":[{"href":"https:\/\/foreststeel.ee\/fi\/wp-json\/wp\/v2\/product"}],"about":[{"href":"https:\/\/foreststeel.ee\/fi\/wp-json\/wp\/v2\/types\/product"}],"wp:featuredmedia":[{"embeddable":true,"href":"https:\/\/foreststeel.ee\/fi\/wp-json\/wp\/v2\/media\/35864"}],"wp:attachment":[{"href":"https:\/\/foreststeel.ee\/fi\/wp-json\/wp\/v2\/media?parent=35994"}],"wp:term":[{"taxonomy":"product_brand","embeddable":true,"href":"https:\/\/foreststeel.ee\/fi\/wp-json\/wp\/v2\/product_brand?post=35994"},{"taxonomy":"product_cat","embeddable":true,"href":"https:\/\/foreststeel.ee\/fi\/wp-json\/wp\/v2\/product_cat?post=35994"},{"taxonomy":"product_tag","embeddable":true,"href":"https:\/\/foreststeel.ee\/fi\/wp-json\/wp\/v2\/product_tag?post=35994"}],"curies":[{"name":"wp","href":"https:\/\/api.w.org\/{rel}","templated":true}]}}