{"id":36450,"date":"2025-02-04T12:18:49","date_gmt":"2025-02-04T10:18:49","guid":{"rendered":"https:\/\/foreststeel.ee\/tooted\/puutavaranosturi-4\/"},"modified":"2025-02-05T11:50:34","modified_gmt":"2025-02-05T09:50:34","slug":"puutavaranosturi-4","status":"publish","type":"product","link":"https:\/\/foreststeel.ee\/fi\/tuotteet\/puutavaranosturi-4\/","title":{"rendered":"Puutavaranosturi Loglift 125ST 2015"},"content":{"rendered":"","protected":false},"excerpt":{"rendered":"<p class=\"ng-star-inserted\"><span class=\"ng-star-inserted\" style=\"font-size: 12pt;\">Myyd\u00e4\u00e4n Loglift 125ST 2015 LS-hydrauliikalla, 2-vipuisella manuaaliohjauksella ja vesil\u00e4mmityksell\u00e4.<\/span><\/p>\n<p><span style=\"font-size: 12pt;\">Hinta 16 800\u20ac. Kysy lis\u00e4tietoja!<\/span><\/p>\n","protected":false},"featured_media":36435,"template":"","meta":[],"product_brand":[],"product_cat":[341],"product_tag":[],"class_list":{"0":"post-36450","1":"product","2":"type-product","3":"status-publish","4":"has-post-thumbnail","6":"product_cat-kaytetyt-metsakoneet","8":"first","9":"instock","10":"taxable","11":"shipping-taxable","12":"product-type-simple"},"_links":{"self":[{"href":"https:\/\/foreststeel.ee\/fi\/wp-json\/wp\/v2\/product\/36450","targetHints":{"allow":["GET"]}}],"collection":[{"href":"https:\/\/foreststeel.ee\/fi\/wp-json\/wp\/v2\/product"}],"about":[{"href":"https:\/\/foreststeel.ee\/fi\/wp-json\/wp\/v2\/types\/product"}],"wp:featuredmedia":[{"embeddable":true,"href":"https:\/\/foreststeel.ee\/fi\/wp-json\/wp\/v2\/media\/36435"}],"wp:attachment":[{"href":"https:\/\/foreststeel.ee\/fi\/wp-json\/wp\/v2\/media?parent=36450"}],"wp:term":[{"taxonomy":"product_brand","embeddable":true,"href":"https:\/\/foreststeel.ee\/fi\/wp-json\/wp\/v2\/product_brand?post=36450"},{"taxonomy":"product_cat","embeddable":true,"href":"https:\/\/foreststeel.ee\/fi\/wp-json\/wp\/v2\/product_cat?post=36450"},{"taxonomy":"product_tag","embeddable":true,"href":"https:\/\/foreststeel.ee\/fi\/wp-json\/wp\/v2\/product_tag?post=36450"}],"curies":[{"name":"wp","href":"https:\/\/api.w.org\/{rel}","templated":true}]}}