{"id":36565,"date":"2025-02-05T11:23:18","date_gmt":"2025-02-05T09:23:18","guid":{"rendered":"https:\/\/foreststeel.ee\/tooted\/puutavaranosturi-7\/"},"modified":"2025-02-05T11:23:18","modified_gmt":"2025-02-05T09:23:18","slug":"puutavaranosturi-7","status":"publish","type":"product","link":"https:\/\/foreststeel.ee\/fi\/tuotteet\/puutavaranosturi-7\/","title":{"rendered":"Puutavaranosturi KESLA 2110T 2016"},"content":{"rendered":"","protected":false},"excerpt":{"rendered":"<p><span style=\"font-size: 12pt;\">Myyd\u00e4\u00e4n k\u00e4ytetty KESLA 2110T 2016 -puutavaranosturi LS-hydrauliikalla ja 2-vipuisella manuaaliohjauksella.<\/span><\/p>\n<p><span style=\"font-size: 12pt;\">Hinta 16 800\u20ac. Kysy lis\u00e4tietoja!<\/span><\/p>\n","protected":false},"featured_media":36562,"template":"","meta":[],"product_brand":[],"product_cat":[341],"product_tag":[],"class_list":{"0":"post-36565","1":"product","2":"type-product","3":"status-publish","4":"has-post-thumbnail","6":"product_cat-kaytetyt-metsakoneet","8":"first","9":"instock","10":"taxable","11":"shipping-taxable","12":"product-type-simple"},"_links":{"self":[{"href":"https:\/\/foreststeel.ee\/fi\/wp-json\/wp\/v2\/product\/36565","targetHints":{"allow":["GET"]}}],"collection":[{"href":"https:\/\/foreststeel.ee\/fi\/wp-json\/wp\/v2\/product"}],"about":[{"href":"https:\/\/foreststeel.ee\/fi\/wp-json\/wp\/v2\/types\/product"}],"wp:featuredmedia":[{"embeddable":true,"href":"https:\/\/foreststeel.ee\/fi\/wp-json\/wp\/v2\/media\/36562"}],"wp:attachment":[{"href":"https:\/\/foreststeel.ee\/fi\/wp-json\/wp\/v2\/media?parent=36565"}],"wp:term":[{"taxonomy":"product_brand","embeddable":true,"href":"https:\/\/foreststeel.ee\/fi\/wp-json\/wp\/v2\/product_brand?post=36565"},{"taxonomy":"product_cat","embeddable":true,"href":"https:\/\/foreststeel.ee\/fi\/wp-json\/wp\/v2\/product_cat?post=36565"},{"taxonomy":"product_tag","embeddable":true,"href":"https:\/\/foreststeel.ee\/fi\/wp-json\/wp\/v2\/product_tag?post=36565"}],"curies":[{"name":"wp","href":"https:\/\/api.w.org\/{rel}","templated":true}]}}