{"id":36600,"date":"2025-02-05T12:04:28","date_gmt":"2025-02-05T10:04:28","guid":{"rendered":"https:\/\/foreststeel.ee\/tooted\/puutavaranosturi-8\/"},"modified":"2025-02-05T12:04:28","modified_gmt":"2025-02-05T10:04:28","slug":"puutavaranosturi-8","status":"publish","type":"product","link":"https:\/\/foreststeel.ee\/fi\/tuotteet\/puutavaranosturi-8\/","title":{"rendered":"Puutavaranosturi Loglift 140ZT 2019"},"content":{"rendered":"","protected":false},"excerpt":{"rendered":"<p><span style=\"font-size: 12pt;\">Myyd\u00e4\u00e4n LOGLIFT 140ZT 2019 LS-hydrauliikalla, Ohlsberg-venttiileill\u00e4, X53 kouralla ja 2-vipuisella manuaaliohjauksella.<\/span><\/p>\n<p><span style=\"font-size: 12pt;\">Hinta: 27 000 \u20ac.\u00a0Kysy lis\u00e4tietoja!<\/span><\/p>\n","protected":false},"featured_media":36597,"template":"","meta":[],"product_brand":[],"product_cat":[341],"product_tag":[],"class_list":{"0":"post-36600","1":"product","2":"type-product","3":"status-publish","4":"has-post-thumbnail","6":"product_cat-kaytetyt-metsakoneet","8":"first","9":"instock","10":"taxable","11":"shipping-taxable","12":"product-type-simple"},"_links":{"self":[{"href":"https:\/\/foreststeel.ee\/fi\/wp-json\/wp\/v2\/product\/36600","targetHints":{"allow":["GET"]}}],"collection":[{"href":"https:\/\/foreststeel.ee\/fi\/wp-json\/wp\/v2\/product"}],"about":[{"href":"https:\/\/foreststeel.ee\/fi\/wp-json\/wp\/v2\/types\/product"}],"wp:featuredmedia":[{"embeddable":true,"href":"https:\/\/foreststeel.ee\/fi\/wp-json\/wp\/v2\/media\/36597"}],"wp:attachment":[{"href":"https:\/\/foreststeel.ee\/fi\/wp-json\/wp\/v2\/media?parent=36600"}],"wp:term":[{"taxonomy":"product_brand","embeddable":true,"href":"https:\/\/foreststeel.ee\/fi\/wp-json\/wp\/v2\/product_brand?post=36600"},{"taxonomy":"product_cat","embeddable":true,"href":"https:\/\/foreststeel.ee\/fi\/wp-json\/wp\/v2\/product_cat?post=36600"},{"taxonomy":"product_tag","embeddable":true,"href":"https:\/\/foreststeel.ee\/fi\/wp-json\/wp\/v2\/product_tag?post=36600"}],"curies":[{"name":"wp","href":"https:\/\/api.w.org\/{rel}","templated":true}]}}