{"id":36602,"date":"2022-03-29T12:52:55","date_gmt":"2022-03-29T10:52:55","guid":{"rendered":"https:\/\/foreststeel.ee\/tooted\/wagner-prospray-3-21-ilmaton-maaliruisku\/"},"modified":"2022-03-29T12:52:55","modified_gmt":"2022-03-29T10:52:55","slug":"wagner-prospray-3-21-ilmaton-maaliruisku","status":"publish","type":"product","link":"https:\/\/foreststeel.ee\/fi\/tuotteet\/wagner-prospray-3-21-ilmaton-maaliruisku\/","title":{"rendered":"Wagner ProSpray 3.21 ilmaton maaliruisku"},"content":{"rendered":"","protected":false},"excerpt":{"rendered":"<p class=\"ng-star-inserted\"><span style=\"font-size: 12pt;\"><span class=\"ng-star-inserted\">\u20ac1500,00<\/span><\/span><\/p>\n<p class=\"ng-star-inserted\"><span style=\"font-size: 12pt;\"><span class=\"ng-star-inserted\">Sis\u00e4lt\u00e4\u00e4: Uusi, k\u00e4ytt\u00e4m\u00e4t\u00f6n Wagner Vector Grip.<\/span><\/span><\/p>\n","protected":false},"featured_media":25746,"template":"","meta":[],"product_brand":[],"product_cat":[341],"product_tag":[],"class_list":{"0":"post-36602","1":"product","2":"type-product","3":"status-publish","4":"has-post-thumbnail","6":"product_cat-kaytetyt-metsakoneet","8":"first","9":"instock","10":"taxable","11":"shipping-taxable","12":"product-type-simple"},"_links":{"self":[{"href":"https:\/\/foreststeel.ee\/fi\/wp-json\/wp\/v2\/product\/36602","targetHints":{"allow":["GET"]}}],"collection":[{"href":"https:\/\/foreststeel.ee\/fi\/wp-json\/wp\/v2\/product"}],"about":[{"href":"https:\/\/foreststeel.ee\/fi\/wp-json\/wp\/v2\/types\/product"}],"wp:featuredmedia":[{"embeddable":true,"href":"https:\/\/foreststeel.ee\/fi\/wp-json\/wp\/v2\/media\/25746"}],"wp:attachment":[{"href":"https:\/\/foreststeel.ee\/fi\/wp-json\/wp\/v2\/media?parent=36602"}],"wp:term":[{"taxonomy":"product_brand","embeddable":true,"href":"https:\/\/foreststeel.ee\/fi\/wp-json\/wp\/v2\/product_brand?post=36602"},{"taxonomy":"product_cat","embeddable":true,"href":"https:\/\/foreststeel.ee\/fi\/wp-json\/wp\/v2\/product_cat?post=36602"},{"taxonomy":"product_tag","embeddable":true,"href":"https:\/\/foreststeel.ee\/fi\/wp-json\/wp\/v2\/product_tag?post=36602"}],"curies":[{"name":"wp","href":"https:\/\/api.w.org\/{rel}","templated":true}]}}