{"id":36693,"date":"2025-02-05T15:30:24","date_gmt":"2025-02-05T13:30:24","guid":{"rendered":"https:\/\/foreststeel.ee\/tooted\/weckman-jatkettava\/"},"modified":"2025-02-05T15:30:24","modified_gmt":"2025-02-05T13:30:24","slug":"weckman-jatkettava","status":"publish","type":"product","link":"https:\/\/foreststeel.ee\/fi\/tuotteet\/weckman-jatkettava\/","title":{"rendered":"Weckman jatkettava puutavara per\u00e4vaunu"},"content":{"rendered":"","protected":false},"excerpt":{"rendered":"<p><span style=\"font-size: 12pt;\">Myyd\u00e4\u00e4n WECKMAN jatkettava puutavaraper\u00e4vaunu (2013) rumpujarruilla ja paraabelijousilla. Juuri katsastettu.<\/span><\/p>\n<p><span style=\"font-size: 12pt;\">Hinta: 19 800 \u20ac. Kysy lis\u00e4tietoja!<\/span><\/p>\n","protected":false},"featured_media":36670,"template":"","meta":[],"product_brand":[],"product_cat":[341],"product_tag":[],"class_list":{"0":"post-36693","1":"product","2":"type-product","3":"status-publish","4":"has-post-thumbnail","6":"product_cat-kaytetyt-metsakoneet","8":"first","9":"instock","10":"taxable","11":"shipping-taxable","12":"product-type-simple"},"_links":{"self":[{"href":"https:\/\/foreststeel.ee\/fi\/wp-json\/wp\/v2\/product\/36693","targetHints":{"allow":["GET"]}}],"collection":[{"href":"https:\/\/foreststeel.ee\/fi\/wp-json\/wp\/v2\/product"}],"about":[{"href":"https:\/\/foreststeel.ee\/fi\/wp-json\/wp\/v2\/types\/product"}],"wp:featuredmedia":[{"embeddable":true,"href":"https:\/\/foreststeel.ee\/fi\/wp-json\/wp\/v2\/media\/36670"}],"wp:attachment":[{"href":"https:\/\/foreststeel.ee\/fi\/wp-json\/wp\/v2\/media?parent=36693"}],"wp:term":[{"taxonomy":"product_brand","embeddable":true,"href":"https:\/\/foreststeel.ee\/fi\/wp-json\/wp\/v2\/product_brand?post=36693"},{"taxonomy":"product_cat","embeddable":true,"href":"https:\/\/foreststeel.ee\/fi\/wp-json\/wp\/v2\/product_cat?post=36693"},{"taxonomy":"product_tag","embeddable":true,"href":"https:\/\/foreststeel.ee\/fi\/wp-json\/wp\/v2\/product_tag?post=36693"}],"curies":[{"name":"wp","href":"https:\/\/api.w.org\/{rel}","templated":true}]}}