{"id":36743,"date":"2025-02-07T15:17:07","date_gmt":"2025-02-07T13:17:07","guid":{"rendered":"https:\/\/foreststeel.ee\/tooted\/puutavara-auto\/"},"modified":"2025-02-07T15:17:07","modified_gmt":"2025-02-07T13:17:07","slug":"puutavara-auto","status":"publish","type":"product","link":"https:\/\/foreststeel.ee\/fi\/tuotteet\/puutavara-auto\/","title":{"rendered":"Puutavara-auto Volvo FH16 750"},"content":{"rendered":"","protected":false},"excerpt":{"rendered":"<p><span class=\"ng-star-inserted\" style=\"font-size: 12pt;\">Tehokas ja luotettava puutavara-auto Volvo FH16 750 etsii uutta omistajaa!<\/span><\/p>\n<p><span style=\"font-size: 12pt;\">Takap\u00e4\u00e4ss\u00e4 ilmajouset takaa erinomaisen ajomukavuuden my\u00f6s raskailla kuormilla. Ajettu noin 1 miljoona km.<\/span><\/p>\n<p><span style=\"font-size: 12pt;\">Hinta: 18 500 \u20ac. Hintaan sis\u00e4ltyy: mets\u00e4auto ilman pankkoja, teline kuuluu hintaan.<\/span><\/p>\n","protected":false},"featured_media":36740,"template":"","meta":[],"product_brand":[],"product_cat":[341],"product_tag":[],"class_list":{"0":"post-36743","1":"product","2":"type-product","3":"status-publish","4":"has-post-thumbnail","6":"product_cat-kaytetyt-metsakoneet","8":"first","9":"outofstock","10":"taxable","11":"shipping-taxable","12":"product-type-simple"},"_links":{"self":[{"href":"https:\/\/foreststeel.ee\/fi\/wp-json\/wp\/v2\/product\/36743","targetHints":{"allow":["GET"]}}],"collection":[{"href":"https:\/\/foreststeel.ee\/fi\/wp-json\/wp\/v2\/product"}],"about":[{"href":"https:\/\/foreststeel.ee\/fi\/wp-json\/wp\/v2\/types\/product"}],"wp:featuredmedia":[{"embeddable":true,"href":"https:\/\/foreststeel.ee\/fi\/wp-json\/wp\/v2\/media\/36740"}],"wp:attachment":[{"href":"https:\/\/foreststeel.ee\/fi\/wp-json\/wp\/v2\/media?parent=36743"}],"wp:term":[{"taxonomy":"product_brand","embeddable":true,"href":"https:\/\/foreststeel.ee\/fi\/wp-json\/wp\/v2\/product_brand?post=36743"},{"taxonomy":"product_cat","embeddable":true,"href":"https:\/\/foreststeel.ee\/fi\/wp-json\/wp\/v2\/product_cat?post=36743"},{"taxonomy":"product_tag","embeddable":true,"href":"https:\/\/foreststeel.ee\/fi\/wp-json\/wp\/v2\/product_tag?post=36743"}],"curies":[{"name":"wp","href":"https:\/\/api.w.org\/{rel}","templated":true}]}}