{"id":37115,"date":"2025-09-24T08:07:59","date_gmt":"2025-09-24T06:07:59","guid":{"rendered":"https:\/\/foreststeel.ee\/tooted\/puutavaranosturi-kesla\/"},"modified":"2025-09-24T08:07:59","modified_gmt":"2025-09-24T06:07:59","slug":"puutavaranosturi-kesla","status":"publish","type":"product","link":"https:\/\/foreststeel.ee\/fi\/tuotteet\/puutavaranosturi-kesla\/","title":{"rendered":"Puutavaranosturi KESLA 2112T"},"content":{"rendered":"","protected":false},"excerpt":{"rendered":"<p>Myyt\u00e4v\u00e4n\u00e4: KESLA 2112T puutavarakuormain.<br \/>\nVarustettu kaksipiirisell\u00e4 hydraulij\u00e4rjestelm\u00e4ll\u00e4 ja keppiohjauksella.<\/p>\n<p>Hinta: 17.500\u20ac. Kysy lis\u00e4tietoja!<\/p>\n","protected":false},"featured_media":37073,"template":"","meta":[],"product_brand":[],"product_cat":[341,220],"product_tag":[],"class_list":{"0":"post-37115","1":"product","2":"type-product","3":"status-publish","4":"has-post-thumbnail","6":"product_cat-kaytetyt-metsakoneet","7":"product_cat-puutavaranosturit","9":"first","10":"instock","11":"taxable","12":"shipping-taxable","13":"product-type-simple"},"_links":{"self":[{"href":"https:\/\/foreststeel.ee\/fi\/wp-json\/wp\/v2\/product\/37115","targetHints":{"allow":["GET"]}}],"collection":[{"href":"https:\/\/foreststeel.ee\/fi\/wp-json\/wp\/v2\/product"}],"about":[{"href":"https:\/\/foreststeel.ee\/fi\/wp-json\/wp\/v2\/types\/product"}],"wp:featuredmedia":[{"embeddable":true,"href":"https:\/\/foreststeel.ee\/fi\/wp-json\/wp\/v2\/media\/37073"}],"wp:attachment":[{"href":"https:\/\/foreststeel.ee\/fi\/wp-json\/wp\/v2\/media?parent=37115"}],"wp:term":[{"taxonomy":"product_brand","embeddable":true,"href":"https:\/\/foreststeel.ee\/fi\/wp-json\/wp\/v2\/product_brand?post=37115"},{"taxonomy":"product_cat","embeddable":true,"href":"https:\/\/foreststeel.ee\/fi\/wp-json\/wp\/v2\/product_cat?post=37115"},{"taxonomy":"product_tag","embeddable":true,"href":"https:\/\/foreststeel.ee\/fi\/wp-json\/wp\/v2\/product_tag?post=37115"}],"curies":[{"name":"wp","href":"https:\/\/api.w.org\/{rel}","templated":true}]}}