{"id":37151,"date":"2025-09-24T08:30:37","date_gmt":"2025-09-24T06:30:37","guid":{"rendered":"https:\/\/foreststeel.ee\/tooted\/puutavaranosturi-palfinger-epsilon-m12t\/"},"modified":"2025-09-24T08:30:37","modified_gmt":"2025-09-24T06:30:37","slug":"puutavaranosturi-palfinger-epsilon-m12t","status":"publish","type":"product","link":"https:\/\/foreststeel.ee\/fi\/tuotteet\/puutavaranosturi-palfinger-epsilon-m12t\/","title":{"rendered":"Puutavaranosturi Palfinger Epsilon M12T, 2018"},"content":{"rendered":"","protected":false},"excerpt":{"rendered":"<p>Myyt\u00e4v\u00e4n\u00e4: Palfinger Epsilon M12T puutavaranosturi.<br \/>\nVarustettu kaksipiirisell\u00e4 hydraulij\u00e4rjestelm\u00e4ll\u00e4 ja kaksivipuohjauksella.<\/p>\n<p>Hinta: 26 000 \u20ac.\u00a0Kysy lis\u00e4tietoja!<\/p>\n","protected":false},"featured_media":37128,"template":"","meta":[],"product_brand":[],"product_cat":[341,220],"product_tag":[],"class_list":{"0":"post-37151","1":"product","2":"type-product","3":"status-publish","4":"has-post-thumbnail","6":"product_cat-kaytetyt-metsakoneet","7":"product_cat-puutavaranosturit","9":"first","10":"instock","11":"taxable","12":"shipping-taxable","13":"product-type-simple"},"_links":{"self":[{"href":"https:\/\/foreststeel.ee\/fi\/wp-json\/wp\/v2\/product\/37151","targetHints":{"allow":["GET"]}}],"collection":[{"href":"https:\/\/foreststeel.ee\/fi\/wp-json\/wp\/v2\/product"}],"about":[{"href":"https:\/\/foreststeel.ee\/fi\/wp-json\/wp\/v2\/types\/product"}],"wp:featuredmedia":[{"embeddable":true,"href":"https:\/\/foreststeel.ee\/fi\/wp-json\/wp\/v2\/media\/37128"}],"wp:attachment":[{"href":"https:\/\/foreststeel.ee\/fi\/wp-json\/wp\/v2\/media?parent=37151"}],"wp:term":[{"taxonomy":"product_brand","embeddable":true,"href":"https:\/\/foreststeel.ee\/fi\/wp-json\/wp\/v2\/product_brand?post=37151"},{"taxonomy":"product_cat","embeddable":true,"href":"https:\/\/foreststeel.ee\/fi\/wp-json\/wp\/v2\/product_cat?post=37151"},{"taxonomy":"product_tag","embeddable":true,"href":"https:\/\/foreststeel.ee\/fi\/wp-json\/wp\/v2\/product_tag?post=37151"}],"curies":[{"name":"wp","href":"https:\/\/api.w.org\/{rel}","templated":true}]}}