{"id":37203,"date":"2025-12-10T11:53:01","date_gmt":"2025-12-10T09:53:01","guid":{"rendered":"https:\/\/foreststeel.ee\/tooted\/loglift-koura\/"},"modified":"2025-12-10T11:53:01","modified_gmt":"2025-12-10T09:53:01","slug":"loglift-koura","status":"publish","type":"product","link":"https:\/\/foreststeel.ee\/fi\/tuotteet\/loglift-koura\/","title":{"rendered":"Loglift koura"},"content":{"rendered":"","protected":false},"excerpt":{"rendered":"<p>Hinta: 2100 \u20ac. Vain koura ei k\u00e4\u00e4nt\u00e4j\u00e4\u00e4. <\/p>\n","protected":false},"featured_media":37193,"template":"","meta":[],"product_brand":[],"product_cat":[341],"product_tag":[],"class_list":{"0":"post-37203","1":"product","2":"type-product","3":"status-publish","4":"has-post-thumbnail","6":"product_cat-kaytetyt-metsakoneet","8":"first","9":"instock","10":"taxable","11":"shipping-taxable","12":"product-type-simple"},"_links":{"self":[{"href":"https:\/\/foreststeel.ee\/fi\/wp-json\/wp\/v2\/product\/37203","targetHints":{"allow":["GET"]}}],"collection":[{"href":"https:\/\/foreststeel.ee\/fi\/wp-json\/wp\/v2\/product"}],"about":[{"href":"https:\/\/foreststeel.ee\/fi\/wp-json\/wp\/v2\/types\/product"}],"wp:featuredmedia":[{"embeddable":true,"href":"https:\/\/foreststeel.ee\/fi\/wp-json\/wp\/v2\/media\/37193"}],"wp:attachment":[{"href":"https:\/\/foreststeel.ee\/fi\/wp-json\/wp\/v2\/media?parent=37203"}],"wp:term":[{"taxonomy":"product_brand","embeddable":true,"href":"https:\/\/foreststeel.ee\/fi\/wp-json\/wp\/v2\/product_brand?post=37203"},{"taxonomy":"product_cat","embeddable":true,"href":"https:\/\/foreststeel.ee\/fi\/wp-json\/wp\/v2\/product_cat?post=37203"},{"taxonomy":"product_tag","embeddable":true,"href":"https:\/\/foreststeel.ee\/fi\/wp-json\/wp\/v2\/product_tag?post=37203"}],"curies":[{"name":"wp","href":"https:\/\/api.w.org\/{rel}","templated":true}]}}