{"id":37355,"date":"2026-02-19T11:28:07","date_gmt":"2026-02-19T09:28:07","guid":{"rendered":"https:\/\/foreststeel.ee\/tooted\/kesla-2009-st-vm-2014-2kpl\/"},"modified":"2026-02-19T12:01:45","modified_gmt":"2026-02-19T10:01:45","slug":"kesla-2009-st-vm-2014-2kpl","status":"publish","type":"product","link":"https:\/\/foreststeel.ee\/fi\/tuotteet\/kesla-2009-st-vm-2014-2kpl\/","title":{"rendered":"Puutavaranosturi KESLA 2009 sT (2014)"},"content":{"rendered":"","protected":false},"excerpt":{"rendered":"<p>Myyt\u00e4v\u00e4n\u00e4: 2 kpl Kesla 2009 sT puutavaranostureita (v. 2014)<\/p>\n<p>Laadukkaat ja varmatoimiset nosturit ammattik\u00e4ytt\u00f6\u00f6n. Kesla tunnetaan kest\u00e4vyydest\u00e4\u00e4n ja tarkasta hallittavuudestaan.<\/p>\n<p>Edut:<br \/>\n&#8211; Vankka rakenne ja pitk\u00e4 k\u00e4ytt\u00f6ik\u00e4.<br \/>\n&#8211; Erinomainen ulottuvuus ja nostokyky.<br \/>\n&#8211; Tarkka ja ergonominen ohjaus.<\/p>\n<p>Hinta: 13 600 \u20ac \/ kpl<\/p>\n","protected":false},"featured_media":37352,"template":"","meta":[],"product_brand":[],"product_cat":[341,220],"product_tag":[],"class_list":{"0":"post-37355","1":"product","2":"type-product","3":"status-publish","4":"has-post-thumbnail","6":"product_cat-kaytetyt-metsakoneet","7":"product_cat-puutavaranosturit","9":"first","10":"instock","11":"taxable","12":"shipping-taxable","13":"product-type-simple"},"_links":{"self":[{"href":"https:\/\/foreststeel.ee\/fi\/wp-json\/wp\/v2\/product\/37355","targetHints":{"allow":["GET"]}}],"collection":[{"href":"https:\/\/foreststeel.ee\/fi\/wp-json\/wp\/v2\/product"}],"about":[{"href":"https:\/\/foreststeel.ee\/fi\/wp-json\/wp\/v2\/types\/product"}],"wp:featuredmedia":[{"embeddable":true,"href":"https:\/\/foreststeel.ee\/fi\/wp-json\/wp\/v2\/media\/37352"}],"wp:attachment":[{"href":"https:\/\/foreststeel.ee\/fi\/wp-json\/wp\/v2\/media?parent=37355"}],"wp:term":[{"taxonomy":"product_brand","embeddable":true,"href":"https:\/\/foreststeel.ee\/fi\/wp-json\/wp\/v2\/product_brand?post=37355"},{"taxonomy":"product_cat","embeddable":true,"href":"https:\/\/foreststeel.ee\/fi\/wp-json\/wp\/v2\/product_cat?post=37355"},{"taxonomy":"product_tag","embeddable":true,"href":"https:\/\/foreststeel.ee\/fi\/wp-json\/wp\/v2\/product_tag?post=37355"}],"curies":[{"name":"wp","href":"https:\/\/api.w.org\/{rel}","templated":true}]}}