{"id":37358,"date":"2026-02-19T11:55:30","date_gmt":"2026-02-19T09:55:30","guid":{"rendered":"https:\/\/foreststeel.ee\/tooted\/puutavaranosturi-12\/"},"modified":"2026-02-19T11:55:30","modified_gmt":"2026-02-19T09:55:30","slug":"puutavaranosturi-12","status":"publish","type":"product","link":"https:\/\/foreststeel.ee\/fi\/tuotteet\/puutavaranosturi-12\/","title":{"rendered":"Puutavaranosturi V-KRAN V10CX (2015)"},"content":{"rendered":"","protected":false},"excerpt":{"rendered":"<p>Myyt\u00e4v\u00e4n\u00e4 toimintakuntoinen ja tehokas ruotsalaisvalmisteinen puutavaranosturi. V-KRAN on tunnettu kest\u00e4v\u00e4st\u00e4 rakenteestaan ja suuresta nostokyvyst\u00e4\u00e4n.<\/p>\n<p>Kunto: Hyv\u00e4ss\u00e4 kunnossa ja k\u00e4ytt\u00f6valmis.<br \/>\n\u2028Etu: Vankka runko ja luotettava ruotsalainen laatu.<\/p>\n<p>Hinta: 12 800 \u20ac <\/p>\n","protected":false},"featured_media":37324,"template":"","meta":[],"product_brand":[],"product_cat":[341,220],"product_tag":[],"class_list":{"0":"post-37358","1":"product","2":"type-product","3":"status-publish","4":"has-post-thumbnail","6":"product_cat-kaytetyt-metsakoneet","7":"product_cat-puutavaranosturit","9":"first","10":"instock","11":"taxable","12":"shipping-taxable","13":"product-type-simple"},"_links":{"self":[{"href":"https:\/\/foreststeel.ee\/fi\/wp-json\/wp\/v2\/product\/37358","targetHints":{"allow":["GET"]}}],"collection":[{"href":"https:\/\/foreststeel.ee\/fi\/wp-json\/wp\/v2\/product"}],"about":[{"href":"https:\/\/foreststeel.ee\/fi\/wp-json\/wp\/v2\/types\/product"}],"wp:featuredmedia":[{"embeddable":true,"href":"https:\/\/foreststeel.ee\/fi\/wp-json\/wp\/v2\/media\/37324"}],"wp:attachment":[{"href":"https:\/\/foreststeel.ee\/fi\/wp-json\/wp\/v2\/media?parent=37358"}],"wp:term":[{"taxonomy":"product_brand","embeddable":true,"href":"https:\/\/foreststeel.ee\/fi\/wp-json\/wp\/v2\/product_brand?post=37358"},{"taxonomy":"product_cat","embeddable":true,"href":"https:\/\/foreststeel.ee\/fi\/wp-json\/wp\/v2\/product_cat?post=37358"},{"taxonomy":"product_tag","embeddable":true,"href":"https:\/\/foreststeel.ee\/fi\/wp-json\/wp\/v2\/product_tag?post=37358"}],"curies":[{"name":"wp","href":"https:\/\/api.w.org\/{rel}","templated":true}]}}